{"id":1834,"date":"2026-04-06T17:18:41","date_gmt":"2026-04-06T15:18:41","guid":{"rendered":"https:\/\/tm-ho.org\/?page_id=1834"},"modified":"2026-04-06T17:29:42","modified_gmt":"2026-04-06T15:29:42","slug":"impressum","status":"publish","type":"page","link":"https:\/\/tm-ho.org\/index.php\/impressum\/","title":{"rendered":"Impressum"},"content":{"rendered":"\t\t<div data-elementor-type=\"wp-page\" data-elementor-id=\"1834\" class=\"elementor elementor-1834\">\n\t\t\t\t<div class=\"elementor-element elementor-element-a91e951 e-flex e-con-boxed e-con e-parent\" data-id=\"a91e951\" data-element_type=\"container\" data-e-type=\"container\">\n\t\t\t\t\t<div class=\"e-con-inner\">\n\t\t\t\t<div class=\"elementor-element elementor-element-58652e3 elementor-widget elementor-widget-text-editor\" data-id=\"58652e3\" data-element_type=\"widget\" data-e-type=\"widget\" data-widget_type=\"text-editor.default\">\n\t\t\t\t<div class=\"elementor-widget-container\">\n\t\t\t\t\t\t\t\t\t<h2 style=\"text-align: center;\" data-start=\"139\" data-end=\"210\"><strong data-start=\"139\" data-end=\"152\">Impressum<\/strong><br data-start=\"152\" data-end=\"155\" \/>Angaben gem\u00e4\u00df \u00a7 5 <span class=\"hover:entity-accent entity-underline inline cursor-pointer align-baseline\"><span class=\"whitespace-normal\">Telemediengesetz (TMG)<\/span><\/span><\/h2><p>\u00a0<\/p><p data-start=\"212\" data-end=\"299\">Technische Medizinische Hilfsorganisation (TMHO) e.V.<br data-start=\"265\" data-end=\"268\" \/>Rilkestr. 13<br data-start=\"280\" data-end=\"283\" \/>40885 Ratingen<\/p><p data-start=\"301\" data-end=\"356\">Telefon: +49 (02102) 1461760<br data-start=\"329\" data-end=\"332\" \/>E-Mail: <a class=\"decorated-link cursor-pointer\" rel=\"noopener\" data-start=\"340\" data-end=\"354\">info@tm-ho.org<\/a><\/p><p data-start=\"301\" data-end=\"356\">\u00a0<\/p><hr data-start=\"358\" data-end=\"361\" \/><p data-start=\"363\" data-end=\"499\"><strong data-start=\"363\" data-end=\"389\">Vertretungsberechtigte<\/strong><br data-start=\"389\" data-end=\"392\" \/>Der Verein wird gesetzlich vertreten durch den Vorsitzenden Jan J\u00f6sch sowie ein weiteres Vorstandsmitglied.<\/p><hr data-start=\"501\" data-end=\"504\" \/><p data-start=\"506\" data-end=\"629\">\u00a0<\/p><p data-start=\"506\" data-end=\"629\"><strong data-start=\"506\" data-end=\"525\">Vereinsregister<\/strong><br data-start=\"525\" data-end=\"528\" \/>Eingetragen im Vereinsregister<br data-start=\"558\" data-end=\"561\" \/>Registergericht: Amtsgericht D\u00fcsseldorf<br data-start=\"600\" data-end=\"603\" \/>Registernummer: VR 12478<\/p><hr data-start=\"631\" data-end=\"634\" \/><p data-start=\"636\" data-end=\"854\">\u00a0<\/p><h2 data-section-id=\"ugo17b\" data-start=\"861\" data-end=\"882\">Haftungsausschluss<\/h2><h3 data-section-id=\"1d7vhh8\" data-start=\"884\" data-end=\"910\">1. Inhalt der Seiten<\/h3><p data-start=\"911\" data-end=\"1216\">Die Inhalte unserer Seiten wurden mit gr\u00f6\u00dfter Sorgfalt erstellt. F\u00fcr die Richtigkeit, Vollst\u00e4ndigkeit und Aktualit\u00e4t der Inhalte k\u00f6nnen wir jedoch keine Gew\u00e4hr \u00fcbernehmen. Als Diensteanbieter sind wir gem\u00e4\u00df \u00a7 7 Abs.1 TMG f\u00fcr eigene Inhalte auf diesen Seiten nach den allgemeinen Gesetzen verantwortlich.<\/p><hr data-start=\"1218\" data-end=\"1221\" \/><h3 data-section-id=\"vbw86y\" data-start=\"1223\" data-end=\"1250\">2. Verweise und Links<\/h3><p data-start=\"1251\" data-end=\"1431\">Unsere Website enth\u00e4lt Links zu externen Websites Dritter, auf deren Inhalte wir keinen Einfluss haben. Deshalb k\u00f6nnen wir f\u00fcr diese fremden Inhalte auch keine Gew\u00e4hr \u00fcbernehmen.<\/p><p data-start=\"1433\" data-end=\"1721\">Zum Zeitpunkt der Verlinkung waren keine rechtswidrigen Inhalte erkennbar. Eine permanente Kontrolle der verlinkten Seiten ist jedoch ohne konkrete Anhaltspunkte einer Rechtsverletzung nicht zumutbar. Bei Bekanntwerden von Rechtsverletzungen werden wir derartige Links umgehend entfernen.<\/p><hr data-start=\"1723\" data-end=\"1726\" \/><h3 data-section-id=\"1lglato\" data-start=\"1728\" data-end=\"1749\">3. Urheberrecht<\/h3><p data-start=\"1750\" data-end=\"1868\">Die durch die Seitenbetreiber erstellten Inhalte und Werke auf diesen Seiten unterliegen dem deutschen Urheberrecht.<\/p><p data-start=\"1870\" data-end=\"2074\">Beitr\u00e4ge Dritter sind als solche gekennzeichnet.<br data-start=\"1918\" data-end=\"1921\" \/>Die Vervielf\u00e4ltigung, Bearbeitung und Verbreitung au\u00dferhalb der Grenzen des Urheberrechtes bed\u00fcrfen der schriftlichen Zustimmung des jeweiligen Autors.<\/p><p data-start=\"2076\" data-end=\"2176\">Downloads und Kopien dieser Seite sind nur f\u00fcr den privaten, nicht kommerziellen Gebrauch gestattet.<\/p><hr data-start=\"2178\" data-end=\"2181\" \/><h3 data-section-id=\"djhn7p\" data-start=\"2183\" data-end=\"2203\">4. Datenschutz<\/h3><p data-start=\"2204\" data-end=\"2344\">Sofern innerhalb des Internetangebotes die M\u00f6glichkeit zur Eingabe pers\u00f6nlicher Daten besteht, erfolgt die Angabe dieser Daten freiwillig.<\/p><p data-start=\"2346\" data-end=\"2513\">Die Nutzung der im Impressum ver\u00f6ffentlichten Kontaktdaten durch Dritte zur \u00dcbersendung nicht ausdr\u00fccklich angeforderter Werbung wird hiermit ausdr\u00fccklich untersagt.<\/p><p data-start=\"2515\" data-end=\"2580\">Weitere Informationen finden Sie in unserer Datenschutzerkl\u00e4rung.<\/p><hr data-start=\"2582\" data-end=\"2585\" \/><h3 data-section-id=\"h7tcp0\" data-start=\"2587\" data-end=\"2641\">5. Rechtswirksamkeit dieses Haftungsausschlusses<\/h3><p data-start=\"2642\" data-end=\"2800\">Sollten einzelne Bestimmungen dieses Textes ganz oder teilweise nicht der geltenden Rechtslage entsprechen, bleibt die G\u00fcltigkeit der \u00fcbrigen Teile unber\u00fchrt.<\/p><hr data-start=\"2802\" data-end=\"2805\" \/><h3 data-section-id=\"14ocjfp\" data-start=\"2807\" data-end=\"2848\">6. Hinweis auf EU-Streitschlichtung<\/h3><p data-start=\"2849\" data-end=\"2939\">Die Europ\u00e4ische Kommission stellt eine Plattform zur Online-Streitbeilegung (OS) bereit:<\/p><p data-start=\"2941\" data-end=\"2980\"><a class=\"decorated-link\" href=\"https:\/\/ec.europa.eu\/consumers\/odr\/?utm_source=chatgpt.com\" target=\"_blank\" rel=\"noopener\">Zur OS-Plattform<\/a><\/p><p data-start=\"2982\" data-end=\"3033\">Unsere E-Mail-Adresse finden Sie oben im Impressum.<\/p><hr data-start=\"3035\" data-end=\"3038\" \/><h3 data-section-id=\"1mcar9\" data-start=\"3040\" data-end=\"3100\">Hinweis gem\u00e4\u00df Verbraucherstreitbeilegungsgesetz (VSBG)<\/h3><p data-start=\"3101\" data-end=\"3245\">Die Technische Medizinische Hilfsorganisation (TMHO) e.V. nimmt nicht an Streitbeilegungsverfahren vor einer Verbraucherschlichtungsstelle teil.<\/p>\t\t\t\t\t\t\t\t<\/div>\n\t\t\t\t<\/div>\n\t\t\t\t\t<\/div>\n\t\t\t\t<\/div>\n\t\t\t\t<\/div>\n\t\t","protected":false},"excerpt":{"rendered":"<p>ImpressumAngaben gem\u00e4\u00df \u00a7 5 Telemediengesetz (TMG) \u00a0 Technische Medizinische Hilfsorganisation (TMHO) e.V.Rilkestr. 1340885 Ratingen Telefon: +49 (02102) 1461760E-Mail: info@tm-ho.org \u00a0 VertretungsberechtigteDer Verein wird gesetzlich vertreten durch den Vorsitzenden Jan J\u00f6sch sowie ein weiteres Vorstandsmitglied. \u00a0 VereinsregisterEingetragen im VereinsregisterRegistergericht: Amtsgericht D\u00fcsseldorfRegisternummer: VR 12478 \u00a0 Haftungsausschluss 1. Inhalt der Seiten Die Inhalte unserer Seiten wurden mit gr\u00f6\u00dfter [&hellip;]<\/p>\n","protected":false},"author":1,"featured_media":0,"parent":0,"menu_order":0,"comment_status":"closed","ping_status":"closed","template":"","meta":{"footnotes":""},"class_list":["post-1834","page","type-page","status-publish","hentry"],"jetpack_sharing_enabled":true,"_links":{"self":[{"href":"https:\/\/tm-ho.org\/index.php\/wp-json\/wp\/v2\/pages\/1834","targetHints":{"allow":["GET"]}}],"collection":[{"href":"https:\/\/tm-ho.org\/index.php\/wp-json\/wp\/v2\/pages"}],"about":[{"href":"https:\/\/tm-ho.org\/index.php\/wp-json\/wp\/v2\/types\/page"}],"author":[{"embeddable":true,"href":"https:\/\/tm-ho.org\/index.php\/wp-json\/wp\/v2\/users\/1"}],"replies":[{"embeddable":true,"href":"https:\/\/tm-ho.org\/index.php\/wp-json\/wp\/v2\/comments?post=1834"}],"version-history":[{"count":4,"href":"https:\/\/tm-ho.org\/index.php\/wp-json\/wp\/v2\/pages\/1834\/revisions"}],"predecessor-version":[{"id":1839,"href":"https:\/\/tm-ho.org\/index.php\/wp-json\/wp\/v2\/pages\/1834\/revisions\/1839"}],"wp:attachment":[{"href":"https:\/\/tm-ho.org\/index.php\/wp-json\/wp\/v2\/media?parent=1834"}],"curies":[{"name":"wp","href":"https:\/\/api.w.org\/{rel}","templated":true}]}}