{"id":1840,"date":"2026-04-06T17:38:09","date_gmt":"2026-04-06T15:38:09","guid":{"rendered":"https:\/\/tm-ho.org\/?page_id=1840"},"modified":"2026-04-06T17:44:26","modified_gmt":"2026-04-06T15:44:26","slug":"datenschutz","status":"publish","type":"page","link":"https:\/\/tm-ho.org\/index.php\/datenschutz\/","title":{"rendered":"Datenschutz"},"content":{"rendered":"\t\t<div data-elementor-type=\"wp-page\" data-elementor-id=\"1840\" class=\"elementor elementor-1840\">\n\t\t\t\t<div class=\"elementor-element elementor-element-b1dde63 e-flex e-con-boxed e-con e-parent\" data-id=\"b1dde63\" data-element_type=\"container\" data-e-type=\"container\">\n\t\t\t\t\t<div class=\"e-con-inner\">\n\t\t\t\t<div class=\"elementor-element elementor-element-4d4e642 elementor-widget elementor-widget-text-editor\" data-id=\"4d4e642\" data-element_type=\"widget\" data-e-type=\"widget\" data-widget_type=\"text-editor.default\">\n\t\t\t\t<div class=\"elementor-widget-container\">\n\t\t\t\t\t\t\t\t\t<h2 style=\"text-align: center;\" data-start=\"322\" data-end=\"346\"><strong data-start=\"322\" data-end=\"346\">Datenschutzerkl\u00e4rung<\/strong><\/h2><p data-start=\"348\" data-end=\"612\">Die Technische Medizinische Hilfsorganisation (TMHO) e.V. nimmt den Schutz Ihrer personenbezogenen Daten sehr ernst. Wir behandeln Ihre personenbezogenen Daten vertraulich und entsprechend der gesetzlichen Datenschutzvorschriften sowie dieser Datenschutzerkl\u00e4rung.<\/p><hr data-start=\"614\" data-end=\"617\" \/><h3 data-section-id=\"uzti1w\" data-start=\"619\" data-end=\"642\">1. Verantwortlicher<\/h3><p data-start=\"644\" data-end=\"787\">Technische Medizinische Hilfsorganisation (TMHO) e.V.<br data-start=\"697\" data-end=\"700\" \/>Rilkestr. 13<br data-start=\"712\" data-end=\"715\" \/>40885 Ratingen<br data-start=\"729\" data-end=\"732\" \/>Telefon: +49 (02102) 1461760<br data-start=\"760\" data-end=\"763\" \/>E-Mail: <a class=\"decorated-link cursor-pointer\" rel=\"noopener\" data-start=\"771\" data-end=\"785\">info@tm-ho.org<\/a><\/p><hr data-start=\"789\" data-end=\"792\" \/><h3 data-section-id=\"4wswy5\" data-start=\"794\" data-end=\"835\">2. Datenerfassung auf unserer Website<\/h3><h4 data-start=\"837\" data-end=\"865\">a) Server-Log-Dateien<\/h4><p data-start=\"866\" data-end=\"937\">Beim Besuch unserer Website werden automatisch Informationen erfasst:<\/p><ul data-start=\"938\" data-end=\"1059\"><li data-section-id=\"78ua8h\" data-start=\"938\" data-end=\"965\">Browsertyp und -version<\/li><li data-section-id=\"kiy1ht\" data-start=\"966\" data-end=\"984\">Betriebssystem<\/li><li data-section-id=\"anwpz4\" data-start=\"985\" data-end=\"1001\">Referrer URL<\/li><li data-section-id=\"1oh5qvj\" data-start=\"1002\" data-end=\"1014\">Hostname<\/li><li data-section-id=\"6is6x7\" data-start=\"1015\" data-end=\"1044\">Uhrzeit der Serveranfrage<\/li><li data-section-id=\"1h0uk97\" data-start=\"1045\" data-end=\"1059\">IP-Adresse<\/li><\/ul><p data-start=\"1061\" data-end=\"1158\">Diese Daten dienen der technischen Sicherheit und werden nicht mit anderen Daten zusammengef\u00fchrt.<\/p><hr data-start=\"1160\" data-end=\"1163\" \/><h4 data-start=\"1165\" data-end=\"1190\">b) Kontaktformular<\/h4><p data-start=\"1191\" data-end=\"1364\">Wenn Sie uns per Kontaktformular Anfragen zukommen lassen, werden Ihre Angaben inklusive der von Ihnen angegebenen Kontaktdaten zwecks Bearbeitung der Anfrage gespeichert.<\/p><p data-start=\"1366\" data-end=\"1417\">Rechtsgrundlage: Art. 6 Abs. 1 lit. b und f DSGVO<\/p><hr data-start=\"1419\" data-end=\"1422\" \/><h4 data-start=\"1424\" data-end=\"1449\">c) Spendenformular<\/h4><p data-start=\"1450\" data-end=\"1567\">Wenn Sie \u00fcber unsere Website spenden, werden Ihre Zahlungs- und Kontaktdaten zur Abwicklung der Spende verarbeitet.<\/p><p data-start=\"1569\" data-end=\"1614\">Rechtsgrundlage: Art. 6 Abs. 1 lit. b DSGVO<\/p><p data-start=\"1616\" data-end=\"1735\">\ud83d\udc49 Hinweis: Je nach Zahlungsanbieter (z. B. PayPal, Bankdienstleister) gelten zus\u00e4tzlich deren Datenschutzbestimmungen.<\/p><hr data-start=\"1737\" data-end=\"1740\" \/><h3 data-section-id=\"bkc3e4\" data-start=\"1742\" data-end=\"1758\">3. Cookies<\/h3><p data-start=\"1759\" data-end=\"1857\">Unsere Website verwendet Cookies. Diese dienen dazu, unser Angebot nutzerfreundlicher zu machen.<\/p><p data-start=\"1859\" data-end=\"1969\">Sie k\u00f6nnen die Speicherung der Cookies durch eine entsprechende Einstellung Ihrer Browser-Software verhindern.<\/p><hr data-start=\"1971\" data-end=\"1974\" \/><h3 data-section-id=\"35rdxk\" data-start=\"1976\" data-end=\"2034\">4. Einsatz von <span class=\"hover:entity-accent entity-underline inline cursor-pointer align-baseline\"><span class=\"whitespace-normal\">Google Maps<\/span><\/span><\/h3><p data-start=\"2035\" data-end=\"2105\">Diese Website nutzt Google Maps zur Darstellung interaktiver Karten.<\/p><p data-start=\"2107\" data-end=\"2158\">Anbieter:<br data-start=\"2116\" data-end=\"2119\" \/><a class=\"decorated-link\" href=\"https:\/\/www.google.com?utm_source=chatgpt.com\" target=\"_blank\" rel=\"noopener\">Google<\/a><\/p><p data-start=\"2160\" data-end=\"2255\">Beim Aufruf einer Seite mit Google Maps werden Daten (z. B. IP-Adresse) an Google \u00fcbertragen.<\/p><p data-start=\"2257\" data-end=\"2315\">Rechtsgrundlage: Art. 6 Abs. 1 lit. a DSGVO (Einwilligung)<\/p><hr data-start=\"2317\" data-end=\"2320\" \/><h3 data-section-id=\"ekbc09\" data-start=\"2322\" data-end=\"2355\">5. Social Media (zuk\u00fcnftig)<\/h3><p data-start=\"2356\" data-end=\"2446\">Wir unterhalten Onlinepr\u00e4senzen in sozialen Netzwerken, um mit Nutzern zu kommunizieren.<\/p><p data-start=\"2448\" data-end=\"2505\">Dabei k\u00f6nnen Daten au\u00dferhalb der EU verarbeitet werden.<\/p><p data-start=\"2507\" data-end=\"2638\">Sobald konkrete Plattformen genutzt werden, gelten die Datenschutzbestimmungen der jeweiligen Anbieter (z. B. Facebook, Instagram).<\/p><hr data-start=\"2640\" data-end=\"2643\" \/><h3 data-section-id=\"6ets8z\" data-start=\"2645\" data-end=\"2681\">6. Zweck der Datenverarbeitung<\/h3><p data-start=\"2682\" data-end=\"2713\">Die Verarbeitung erfolgt zur:<\/p><ul data-start=\"2714\" data-end=\"2832\"><li data-section-id=\"1e52far\" data-start=\"2714\" data-end=\"2744\">Bereitstellung der Website<\/li><li data-section-id=\"dvk0m3\" data-start=\"2745\" data-end=\"2773\">Bearbeitung von Anfragen<\/li><li data-section-id=\"rbzuek\" data-start=\"2774\" data-end=\"2802\">Durchf\u00fchrung von Spenden<\/li><li data-section-id=\"18mmu38\" data-start=\"2803\" data-end=\"2832\">Kommunikation mit Nutzern<\/li><\/ul><hr data-start=\"2834\" data-end=\"2837\" \/><h3 data-section-id=\"7i78j3\" data-start=\"2839\" data-end=\"2864\">7. Rechtsgrundlagen<\/h3><p data-start=\"2865\" data-end=\"2898\">Die Verarbeitung erfolgt gem\u00e4\u00df:<\/p><ul data-start=\"2899\" data-end=\"3048\"><li data-section-id=\"uzyhsw\" data-start=\"2899\" data-end=\"2944\">Art. 6 Abs. 1 lit. a DSGVO (Einwilligung)<\/li><li data-section-id=\"1r6yvxm\" data-start=\"2945\" data-end=\"2994\">Art. 6 Abs. 1 lit. b DSGVO (Vertrag \/ Spende)<\/li><li data-section-id=\"1avaozy\" data-start=\"2995\" data-end=\"3048\">Art. 6 Abs. 1 lit. f DSGVO (berechtigtes Interesse)<\/li><\/ul><hr data-start=\"3050\" data-end=\"3053\" \/><h3 data-section-id=\"q77res\" data-start=\"3055\" data-end=\"3077\">8. Speicherdauer<\/h3><p data-start=\"3078\" data-end=\"3226\">Personenbezogene Daten werden nur so lange gespeichert, wie dies zur Zweckerf\u00fcllung erforderlich ist oder gesetzliche Aufbewahrungsfristen bestehen.<\/p><hr data-start=\"3228\" data-end=\"3231\" \/><h3 data-section-id=\"1t4obfu\" data-start=\"3233\" data-end=\"3253\">9. Ihre Rechte<\/h3><p data-start=\"3254\" data-end=\"3290\">Sie haben jederzeit das Recht auf:<\/p><ul data-start=\"3291\" data-end=\"3425\"><li data-section-id=\"5pgjhp\" data-start=\"3291\" data-end=\"3303\">Auskunft<\/li><li data-section-id=\"g9sr6h\" data-start=\"3304\" data-end=\"3320\">Berichtigung<\/li><li data-section-id=\"77egm\" data-start=\"3321\" data-end=\"3333\">L\u00f6schung<\/li><li data-section-id=\"9enzfe\" data-start=\"3334\" data-end=\"3368\">Einschr\u00e4nkung der Verarbeitung<\/li><li data-section-id=\"1wshal5\" data-start=\"3369\" data-end=\"3393\">Daten\u00fcbertragbarkeit<\/li><li data-section-id=\"1wn7w4f\" data-start=\"3394\" data-end=\"3425\">Widerruf einer Einwilligung<\/li><\/ul><p data-start=\"3427\" data-end=\"3504\">Sie haben au\u00dferdem ein Beschwerderecht bei einer Datenschutzaufsichtsbeh\u00f6rde.<\/p><hr data-start=\"3506\" data-end=\"3509\" \/><h3 data-section-id=\"oovtr1\" data-start=\"3511\" data-end=\"3545\">10. SSL-\/TLS-Verschl\u00fcsselung<\/h3><p data-start=\"3546\" data-end=\"3631\">Diese Seite nutzt eine SSL- bzw. TLS-Verschl\u00fcsselung zum Schutz der Daten\u00fcbertragung.<\/p><hr data-start=\"3633\" data-end=\"3636\" \/><h3 data-section-id=\"tm3w94\" data-start=\"3638\" data-end=\"3655\">11. Hosting<\/h3><p data-start=\"3656\" data-end=\"3796\">Unsere Website wird bei einem externen Dienstleister gehostet. Dabei k\u00f6nnen personenbezogene Daten (z. B. IP-Adressen) verarbeitet werden.<\/p><hr data-start=\"3881\" data-end=\"3884\" \/><h3 data-section-id=\"2w361l\" data-start=\"3886\" data-end=\"3921\">12. Widerspruch gegen Werbung<\/h3><p data-start=\"3922\" data-end=\"4057\">Der Nutzung von im Impressum ver\u00f6ffentlichten Kontaktdaten zur \u00dcbersendung nicht ausdr\u00fccklich angeforderter Werbung wird widersprochen.<\/p>\t\t\t\t\t\t\t\t<\/div>\n\t\t\t\t<\/div>\n\t\t\t\t\t<\/div>\n\t\t\t\t<\/div>\n\t\t\t\t<\/div>\n\t\t","protected":false},"excerpt":{"rendered":"<p>Datenschutzerkl\u00e4rung Die Technische Medizinische Hilfsorganisation (TMHO) e.V. nimmt den Schutz Ihrer personenbezogenen Daten sehr ernst. Wir behandeln Ihre personenbezogenen Daten vertraulich und entsprechend der gesetzlichen Datenschutzvorschriften sowie dieser Datenschutzerkl\u00e4rung. 1. Verantwortlicher Technische Medizinische Hilfsorganisation (TMHO) e.V.Rilkestr. 1340885 RatingenTelefon: +49 (02102) 1461760E-Mail: info@tm-ho.org 2. Datenerfassung auf unserer Website a) Server-Log-Dateien Beim Besuch unserer Website werden automatisch [&hellip;]<\/p>\n","protected":false},"author":1,"featured_media":0,"parent":0,"menu_order":0,"comment_status":"closed","ping_status":"closed","template":"","meta":{"footnotes":""},"class_list":["post-1840","page","type-page","status-publish","hentry"],"jetpack_sharing_enabled":true,"_links":{"self":[{"href":"https:\/\/tm-ho.org\/index.php\/wp-json\/wp\/v2\/pages\/1840","targetHints":{"allow":["GET"]}}],"collection":[{"href":"https:\/\/tm-ho.org\/index.php\/wp-json\/wp\/v2\/pages"}],"about":[{"href":"https:\/\/tm-ho.org\/index.php\/wp-json\/wp\/v2\/types\/page"}],"author":[{"embeddable":true,"href":"https:\/\/tm-ho.org\/index.php\/wp-json\/wp\/v2\/users\/1"}],"replies":[{"embeddable":true,"href":"https:\/\/tm-ho.org\/index.php\/wp-json\/wp\/v2\/comments?post=1840"}],"version-history":[{"count":4,"href":"https:\/\/tm-ho.org\/index.php\/wp-json\/wp\/v2\/pages\/1840\/revisions"}],"predecessor-version":[{"id":1845,"href":"https:\/\/tm-ho.org\/index.php\/wp-json\/wp\/v2\/pages\/1840\/revisions\/1845"}],"wp:attachment":[{"href":"https:\/\/tm-ho.org\/index.php\/wp-json\/wp\/v2\/media?parent=1840"}],"curies":[{"name":"wp","href":"https:\/\/api.w.org\/{rel}","templated":true}]}}