{"id":32,"date":"2022-01-29T12:24:51","date_gmt":"2022-01-29T12:24:51","guid":{"rendered":"http:\/\/fastwpdemo.com\/newwp\/ambons\/?page_id=32"},"modified":"2025-06-04T19:26:09","modified_gmt":"2025-06-04T19:26:09","slug":"view-all-services","status":"publish","type":"page","link":"https:\/\/tm-ho.org\/index.php\/view-all-services\/","title":{"rendered":"View All Services"},"content":{"rendered":"\t\t<div data-elementor-type=\"wp-page\" data-elementor-id=\"32\" class=\"elementor elementor-32\">\n\t\t\t\t\t\t<section class=\"elementor-section elementor-top-section elementor-element elementor-element-d202927 elementor-section-full_width elementor-section-height-default elementor-section-height-default\" data-id=\"d202927\" data-element_type=\"section\" data-e-type=\"section\">\n\t\t\t\t\t\t<div class=\"elementor-container elementor-column-gap-default\">\n\t\t\t\t\t<div class=\"elementor-column elementor-col-100 elementor-top-column elementor-element elementor-element-fc873e9\" data-id=\"fc873e9\" data-element_type=\"column\" data-e-type=\"column\">\n\t\t\t<div class=\"elementor-widget-wrap elementor-element-populated\">\n\t\t\t\t\t\t<div class=\"elementor-element elementor-element-25ff001 elementor-widget elementor-widget-ambons_all_services\" data-id=\"25ff001\" data-element_type=\"widget\" data-e-type=\"widget\" data-widget_type=\"ambons_all_services.default\">\n\t\t\t\t<div class=\"elementor-widget-container\">\n\t\t\t\t\t        \n       \t<!--Start Service page-->\n        <section class=\"service-page\">\n            <div class=\"container\">\n                <div class=\"row\">\n                                       <!--Start Single Service Style1-->\n                    <div class=\"col-xl-4 col-lg-4 col-md-6\">\n                        <div class=\"single-service-style1 wow fadeInUp\" data-wow-delay=\"100ms\" data-wow-duration=\"1500ms\">\n                                                        <div class=\"img-holder\">\n                                <img fetchpriority=\"high\" decoding=\"async\" width=\"370\" height=\"315\" src=\"https:\/\/tm-ho.org\/wp-content\/uploads\/2022\/03\/blog-v2-1-370x315.jpg\" class=\"attachment-ambons_370x315 size-ambons_370x315 wp-post-image\" alt=\"\" \/>                            <\/div>\n                                                        \n                            <div class=\"text-holder\">                            \n                                <h3><a href=\"https:\/\/tm-ho.org\/index.php\/service\/sanitaetsdienst\/\">Sanit\u00e4tsdienst<\/a><\/h3>\n                                <p>Sicherheit f\u00fcr Veranstaltungen, Menschen und Momente.Unser Sanit\u00e4tsdienst sorgt daf\u00fcr, dass bei Veranstaltungen jeder Art \u2013 ob Sportevent, Konzert, Firmenfeier oder ...<\/p>\n                                <div class=\"btn-box\">\n                                \t<a href=\"https:\/\/tm-ho.org\/index.php\/service\/sanitaetsdienst\/\">Read More<span class=\"icon-right-arrow\"><\/span><\/a>\n                                <\/div>\n                            <\/div>\n                        <\/div>\n                    <\/div>\n                    <!--End Single Service Style1-->\n                                    <\/div>\n            <\/div>\n        <\/section>\n        <!--Start Service page-->\n\t\t\t\t\t\t<\/div>\n\t\t\t\t<\/div>\n\t\t\t\t\t<\/div>\n\t\t<\/div>\n\t\t\t\t\t<\/div>\n\t\t<\/section>\n\t\t\t\t<\/div>\n\t\t","protected":false},"excerpt":{"rendered":"<p>Ambulance Car Lorem ipsum is simply dolor sit am adipi we help you ensure everyone. Read More Medical Flight Services Lorem ipsum is simply dolor sit am adipi we help you ensure everyone. Read More Medical Escort Lorem ipsum is simply dolor sit am adipi we help you ensure everyone. Read More<\/p>\n","protected":false},"author":1,"featured_media":0,"parent":0,"menu_order":0,"comment_status":"closed","ping_status":"closed","template":"tpl-default-elementor.php","meta":{"footnotes":""},"class_list":["post-32","page","type-page","status-publish","hentry"],"jetpack_sharing_enabled":true,"_links":{"self":[{"href":"https:\/\/tm-ho.org\/index.php\/wp-json\/wp\/v2\/pages\/32","targetHints":{"allow":["GET"]}}],"collection":[{"href":"https:\/\/tm-ho.org\/index.php\/wp-json\/wp\/v2\/pages"}],"about":[{"href":"https:\/\/tm-ho.org\/index.php\/wp-json\/wp\/v2\/types\/page"}],"author":[{"embeddable":true,"href":"https:\/\/tm-ho.org\/index.php\/wp-json\/wp\/v2\/users\/1"}],"replies":[{"embeddable":true,"href":"https:\/\/tm-ho.org\/index.php\/wp-json\/wp\/v2\/comments?post=32"}],"version-history":[{"count":1,"href":"https:\/\/tm-ho.org\/index.php\/wp-json\/wp\/v2\/pages\/32\/revisions"}],"predecessor-version":[{"id":1517,"href":"https:\/\/tm-ho.org\/index.php\/wp-json\/wp\/v2\/pages\/32\/revisions\/1517"}],"wp:attachment":[{"href":"https:\/\/tm-ho.org\/index.php\/wp-json\/wp\/v2\/media?parent=32"}],"curies":[{"name":"wp","href":"https:\/\/api.w.org\/{rel}","templated":true}]}}